{"id":14325,"date":"2025-08-18T06:20:47","date_gmt":"2025-08-18T13:20:47","guid":{"rendered":"https:\/\/www.sleep.ai\/?page_id=14325"},"modified":"2025-09-26T03:01:06","modified_gmt":"2025-09-26T10:01:06","slug":"impressum","status":"publish","type":"page","link":"https:\/\/www.sleep.ai\/de\/dein-schlaf\/impressum\/","title":{"rendered":"Impressum"},"content":{"rendered":"<section id=\"\" class=\"dark overflow-clip\">\n      <div class=\"section-wrapper bg-background-primary-bg-fill  \">\n            <div class=\"relative\">\n      \n\n      <div class=\"yp-container \">\n\n\n            <div\n                  class=\"relative flex flex-col gap-6 \">\n                  \n                  <div class=\"content-wrapper m-0 body-large\">\n    <div id=\"_rich_text-8-38\" class=\"oxy-rich-text richt-text-block\">\n<h1 id=\"headline-6-38\" class=\"ct-headline\">Impressum<\/h1>\n<h2>Kontaktadresse<\/h2>\n<p data-pm-slice=\"1 1 [&quot;table&quot;,{&quot;isNumberColumnEnabled&quot;:false,&quot;layout&quot;:&quot;default&quot;,&quot;__autoSize&quot;:false,&quot;localId&quot;:&quot;3b4b56ec-7c87-46c4-89df-cf3fe43cf626&quot;},&quot;tableRow&quot;,null,&quot;tableCell&quot;,{&quot;colspan&quot;:1,&quot;rowspan&quot;:1,&quot;colwidth&quot;:[140],&quot;background&quot;:null}]\"><strong>SleepScore Labs International Limited<\/strong><br \/>\n6th Floor<br \/>\n2 Grand Canal Square<br \/>\nDublin 2<br \/>\nIreland<\/p>\n<h2>Vertretungsberechtigte Personen<\/h2>\n<p>Colin Lawlor<br \/>\nDr. Elie Gottlieb<\/p>\n<h2>Handelsregistereintrag<\/h2>\n<p data-pm-slice=\"1 1 [&quot;table&quot;,{&quot;isNumberColumnEnabled&quot;:false,&quot;layout&quot;:&quot;default&quot;,&quot;__autoSize&quot;:false,&quot;localId&quot;:&quot;3b4b56ec-7c87-46c4-89df-cf3fe43cf626&quot;},&quot;tableRow&quot;,null,&quot;tableCell&quot;,{&quot;colspan&quot;:1,&quot;rowspan&quot;:1,&quot;colwidth&quot;:[140],&quot;background&quot;:null}]\">Eingetragener Firmenname: SleepScore Labs International Limited<br \/>\nNummer: 617706<br \/>\nHandelsregisteramt: Dublin<br \/>\nUmsatzsteuer-Identifikationsnummer: 3520146JH<\/p>\n<h2>Kontaktdaten des Datenschutzbeauftragten<\/h2>\n<p data-pm-slice=\"1 1 [&quot;table&quot;,{&quot;isNumberColumnEnabled&quot;:false,&quot;layout&quot;:&quot;default&quot;,&quot;__autoSize&quot;:false,&quot;localId&quot;:&quot;3b4b56ec-7c87-46c4-89df-cf3fe43cf626&quot;},&quot;tableRow&quot;,null,&quot;tableCell&quot;,{&quot;colspan&quot;:1,&quot;rowspan&quot;:1,&quot;colwidth&quot;:[140],&quot;background&quot;:null}]\">SleepScore Labs Data Protection Officer<br \/>\n6th Floor<br \/>\n2 Grand Canal Square<br \/>\nDublin 2<br \/>\nIreland<br \/>\n<a href=\"mailto:dpo@sleepscorelabs.com\">dpo@sleepscorelabs.com<\/a><\/p>\n<h2>Haftungsausschluss<\/h2>\n<p>Der Autor \u00fcbernimmt keinerlei Gew\u00e4hr hinsichtlich der inhaltlichen Richtigkeit, Genauigkeit, Aktualit\u00e4t, Zuverl\u00e4ssigkeit und Vollst\u00e4ndigkeit der Informationen.<\/p>\n<p>Haftungsanspr\u00fcche gegen den Autor wegen Sch\u00e4den materieller oder immaterieller Art, welche aus dem Zugriff oder der Nutzung bzw. Nichtnutzung der ver\u00f6ffentlichten Informationen, durch Missbrauch der Verbindung oder durch technische St\u00f6rungen entstanden sind, werden ausgeschlossen.<\/p>\n<p>Alle Angebote sind unverbindlich. Der Autor beh\u00e4lt es sich ausdr\u00fccklich vor, Teile der Seiten oder das gesamte Angebot ohne gesonderte Ank\u00fcndigung zu ver\u00e4ndern, zu erg\u00e4nzen, zu l\u00f6schen oder die Ver\u00f6ffentlichung zeitweise oder endg\u00fcltig einzustellen.<\/p>\n<h2>Haftung f\u00fcr Links<\/h2>\n<p>Verweise und Links auf Webseiten Dritter liegen ausserhalb unseres Verantwortungsbereichs Es wird jegliche Verantwortung f\u00fcr solche Webseiten abgelehnt. Der Zugriff und die Nutzung solcher Webseiten erfolgen auf eigene Gefahr des Nutzers oder der Nutzerin.<\/p>\n<h2>Urheberrechte<\/h2>\n<p data-pm-slice=\"1 1 [&quot;table&quot;,{&quot;isNumberColumnEnabled&quot;:false,&quot;layout&quot;:&quot;default&quot;,&quot;__autoSize&quot;:false,&quot;localId&quot;:&quot;3b4b56ec-7c87-46c4-89df-cf3fe43cf626&quot;},&quot;tableRow&quot;,null,&quot;tableCell&quot;,{&quot;colspan&quot;:1,&quot;rowspan&quot;:1,&quot;colwidth&quot;:[140],&quot;background&quot;:null}]\">Die Urheber- und alle anderen Rechte an Inhalten, Bildern, Fotos oder anderen Dateien auf der Website geh\u00f6ren ausschliesslich der Firma SleepScore Labs International Limited oder den speziell genannten Rechtsinhabern. F\u00fcr die Reproduktion jeglicher Elemente ist die schriftliche Zustimmung der Urheberrechtstr\u00e4ger im Voraus einzuholen.<\/p>\n<\/div>\n\n<\/div>\n\n                              <\/div>\n      <\/div>\n<\/div>\n\n      <\/div>\n<\/section>","protected":false},"excerpt":{"rendered":"","protected":false},"author":53,"featured_media":0,"parent":13737,"menu_order":0,"comment_status":"closed","ping_status":"closed","template":"","meta":{"_acf_changed":false,"footnotes":""},"class_list":["post-14325","page","type-page","status-publish","hentry"],"acf":[],"yoast_head":"<!-- This site is optimized with the Yoast SEO plugin v27.4 - https:\/\/yoast.com\/product\/yoast-seo-wordpress\/ -->\n<title>Impressum | Sleep.ai<\/title>\n<meta name=\"description\" content=\"Offizielle Anbieterkennzeichnung von Sleep.ai mit allen rechtlichen Angaben zu unseren digitalen Schlaf- und Gesundheitsl\u00f6sungen.\" \/>\n<meta name=\"robots\" content=\"index, follow, max-snippet:-1, max-image-preview:large, max-video-preview:-1\" \/>\n<link rel=\"canonical\" href=\"https:\/\/www.sleep.ai\/de\/dein-schlaf\/impressum\/\" \/>\n<meta property=\"og:locale\" content=\"de_DE\" \/>\n<meta property=\"og:type\" content=\"article\" \/>\n<meta property=\"og:title\" content=\"Impressum | Sleep.ai\" \/>\n<meta property=\"og:description\" content=\"Offizielle Anbieterkennzeichnung von Sleep.ai mit allen rechtlichen Angaben zu unseren digitalen Schlaf- und Gesundheitsl\u00f6sungen.\" \/>\n<meta property=\"og:url\" content=\"https:\/\/www.sleep.ai\/de\/dein-schlaf\/impressum\/\" \/>\n<meta property=\"og:site_name\" content=\"Sleep.ai\" \/>\n<meta property=\"article:modified_time\" content=\"2025-09-26T10:01:06+00:00\" \/>\n<meta name=\"twitter:card\" content=\"summary_large_image\" \/>\n<script type=\"application\/ld+json\" class=\"yoast-schema-graph\">{\"@context\":\"https:\\\/\\\/schema.org\",\"@graph\":[{\"@type\":\"WebPage\",\"@id\":\"https:\\\/\\\/www.sleep.ai\\\/de\\\/dein-schlaf\\\/impressum\\\/\",\"url\":\"https:\\\/\\\/www.sleep.ai\\\/de\\\/dein-schlaf\\\/impressum\\\/\",\"name\":\"Impressum | Sleep.ai\",\"isPartOf\":{\"@id\":\"https:\\\/\\\/www.sleep.ai\\\/de\\\/#website\"},\"datePublished\":\"2025-08-18T13:20:47+00:00\",\"dateModified\":\"2025-09-26T10:01:06+00:00\",\"description\":\"Offizielle Anbieterkennzeichnung von Sleep.ai mit allen rechtlichen Angaben zu unseren digitalen Schlaf- und Gesundheitsl\u00f6sungen.\",\"breadcrumb\":{\"@id\":\"https:\\\/\\\/www.sleep.ai\\\/de\\\/dein-schlaf\\\/impressum\\\/#breadcrumb\"},\"inLanguage\":\"de-DE\",\"potentialAction\":[{\"@type\":\"ReadAction\",\"target\":[\"https:\\\/\\\/www.sleep.ai\\\/de\\\/dein-schlaf\\\/impressum\\\/\"]}]},{\"@type\":\"BreadcrumbList\",\"@id\":\"https:\\\/\\\/www.sleep.ai\\\/de\\\/dein-schlaf\\\/impressum\\\/#breadcrumb\",\"itemListElement\":[{\"@type\":\"ListItem\",\"position\":1,\"name\":\"Home\",\"item\":\"https:\\\/\\\/www.sleep.ai\\\/de\\\/\"},{\"@type\":\"ListItem\",\"position\":2,\"name\":\"Dein Schlaf\",\"item\":\"https:\\\/\\\/www.sleep.ai\\\/de\\\/dein-schlaf\\\/\"},{\"@type\":\"ListItem\",\"position\":3,\"name\":\"Impressum\"}]},{\"@type\":\"WebSite\",\"@id\":\"https:\\\/\\\/www.sleep.ai\\\/de\\\/#website\",\"url\":\"https:\\\/\\\/www.sleep.ai\\\/de\\\/\",\"name\":\"Sleep ai\",\"description\":\"AI-Powered Sleep Intelligence\",\"potentialAction\":[{\"@type\":\"SearchAction\",\"target\":{\"@type\":\"EntryPoint\",\"urlTemplate\":\"https:\\\/\\\/www.sleep.ai\\\/de\\\/?s={search_term_string}\"},\"query-input\":{\"@type\":\"PropertyValueSpecification\",\"valueRequired\":true,\"valueName\":\"search_term_string\"}}],\"inLanguage\":\"de-DE\"}]}<\/script>\n<!-- \/ Yoast SEO plugin. -->","yoast_head_json":{"title":"Impressum | Sleep.ai","description":"Offizielle Anbieterkennzeichnung von Sleep.ai mit allen rechtlichen Angaben zu unseren digitalen Schlaf- und Gesundheitsl\u00f6sungen.","robots":{"index":"index","follow":"follow","max-snippet":"max-snippet:-1","max-image-preview":"max-image-preview:large","max-video-preview":"max-video-preview:-1"},"canonical":"https:\/\/www.sleep.ai\/de\/dein-schlaf\/impressum\/","og_locale":"de_DE","og_type":"article","og_title":"Impressum | Sleep.ai","og_description":"Offizielle Anbieterkennzeichnung von Sleep.ai mit allen rechtlichen Angaben zu unseren digitalen Schlaf- und Gesundheitsl\u00f6sungen.","og_url":"https:\/\/www.sleep.ai\/de\/dein-schlaf\/impressum\/","og_site_name":"Sleep.ai","article_modified_time":"2025-09-26T10:01:06+00:00","twitter_card":"summary_large_image","schema":{"@context":"https:\/\/schema.org","@graph":[{"@type":"WebPage","@id":"https:\/\/www.sleep.ai\/de\/dein-schlaf\/impressum\/","url":"https:\/\/www.sleep.ai\/de\/dein-schlaf\/impressum\/","name":"Impressum | Sleep.ai","isPartOf":{"@id":"https:\/\/www.sleep.ai\/de\/#website"},"datePublished":"2025-08-18T13:20:47+00:00","dateModified":"2025-09-26T10:01:06+00:00","description":"Offizielle Anbieterkennzeichnung von Sleep.ai mit allen rechtlichen Angaben zu unseren digitalen Schlaf- und Gesundheitsl\u00f6sungen.","breadcrumb":{"@id":"https:\/\/www.sleep.ai\/de\/dein-schlaf\/impressum\/#breadcrumb"},"inLanguage":"de-DE","potentialAction":[{"@type":"ReadAction","target":["https:\/\/www.sleep.ai\/de\/dein-schlaf\/impressum\/"]}]},{"@type":"BreadcrumbList","@id":"https:\/\/www.sleep.ai\/de\/dein-schlaf\/impressum\/#breadcrumb","itemListElement":[{"@type":"ListItem","position":1,"name":"Home","item":"https:\/\/www.sleep.ai\/de\/"},{"@type":"ListItem","position":2,"name":"Dein Schlaf","item":"https:\/\/www.sleep.ai\/de\/dein-schlaf\/"},{"@type":"ListItem","position":3,"name":"Impressum"}]},{"@type":"WebSite","@id":"https:\/\/www.sleep.ai\/de\/#website","url":"https:\/\/www.sleep.ai\/de\/","name":"Sleep ai","description":"AI-Powered Sleep Intelligence","potentialAction":[{"@type":"SearchAction","target":{"@type":"EntryPoint","urlTemplate":"https:\/\/www.sleep.ai\/de\/?s={search_term_string}"},"query-input":{"@type":"PropertyValueSpecification","valueRequired":true,"valueName":"search_term_string"}}],"inLanguage":"de-DE"}]}},"_links":{"self":[{"href":"https:\/\/www.sleep.ai\/de\/wp-json\/wp\/v2\/pages\/14325","targetHints":{"allow":["GET"]}}],"collection":[{"href":"https:\/\/www.sleep.ai\/de\/wp-json\/wp\/v2\/pages"}],"about":[{"href":"https:\/\/www.sleep.ai\/de\/wp-json\/wp\/v2\/types\/page"}],"author":[{"embeddable":true,"href":"https:\/\/www.sleep.ai\/de\/wp-json\/wp\/v2\/users\/53"}],"replies":[{"embeddable":true,"href":"https:\/\/www.sleep.ai\/de\/wp-json\/wp\/v2\/comments?post=14325"}],"version-history":[{"count":3,"href":"https:\/\/www.sleep.ai\/de\/wp-json\/wp\/v2\/pages\/14325\/revisions"}],"predecessor-version":[{"id":14329,"href":"https:\/\/www.sleep.ai\/de\/wp-json\/wp\/v2\/pages\/14325\/revisions\/14329"}],"up":[{"embeddable":true,"href":"https:\/\/www.sleep.ai\/de\/wp-json\/wp\/v2\/pages\/13737"}],"wp:attachment":[{"href":"https:\/\/www.sleep.ai\/de\/wp-json\/wp\/v2\/media?parent=14325"}],"curies":[{"name":"wp","href":"https:\/\/api.w.org\/{rel}","templated":true}]}}