{"id":13438,"date":"2025-04-11T07:57:07","date_gmt":"2025-04-11T07:57:07","guid":{"rendered":"https:\/\/www.sleep.ai\/privacy-policy-2\/"},"modified":"2025-09-01T01:49:32","modified_gmt":"2025-09-01T08:49:32","slug":"privacy-policy-2","status":"publish","type":"page","link":"https:\/\/www.sleep.ai\/de\/privacy-policy-2\/","title":{"rendered":"Privacy Policy"},"content":{"rendered":"<section id=\"\" class=\"dark overflow-clip\">\n      <div class=\"section-wrapper bg-background-primary-bg-fill padding-top-regular padding-bottom-regular \">\n            <div class=\"relative\">\n      \n\n      <div class=\"yp-container \">\n\n\n            <div\n                  class=\"relative flex flex-col gap-6 \">\n                  <h1 class=\"m-0 headline-small\">Datenschutzerkl\u00e4rung<\/h1>\n\n                  <div class=\"content-wrapper m-0 body-large\">\n    <p><strong>Webseite<\/strong><\/p>\n<p>Zuletzt aktualisiert: M\u00e4rz 2024<\/p>\n<p>Deine Privatsph\u00e4re ist uns wichtig. Diese Datenschutzerkl\u00e4rung (\u201c<strong>Erkl\u00e4rung<\/strong>\u201d) beschreibt, wie\u00a0<strong>SleepScore Labs International Limited<\/strong>\u00a0(\u201c<strong>SleepScore<\/strong>\u201d, \u201c<strong>wir<\/strong>\u201d, \u201c<strong>un\u201ds<\/strong>\u00a0oder \u201c<strong>unser<\/strong>\u201d) Deine personenbezogenen Daten sammelt, verwendet und speichert, wenn Du unsere Webseite\u00a0<a href=\"https:\/\/deinschlaf.sleepscore.de\/\">https:\/\/deinschlaf.sleepscore.de<\/a>\u00a0besuchst. SleepScore betreibst auch eine App (\u201cDein Schlaf by SleepScore\u201d), die in den relevanten App Stores erh\u00e4ltlich ist. Die Datenschutzerkl\u00e4rung f\u00fcr unsere App ist unter\u00a0<a href=\"https:\/\/deinschlaf.sleepscore.de\/datenschutz\">https:\/\/deinschlaf.sleepscore.de\/datenschutz<\/a>\u00a0zu finden.<\/p>\n<p>F\u00fcr die Zwecke dieser Datenschutzerkl\u00e4rung ist der Verantwortliche f\u00fcr Deine personenbezogenen Daten: SleepScore Labs International Limited, 6th Floor, 2 Grand Canal Square, Dublin 2, Irland. Die Kontaktdaten unseres Datenschutzbeauftragten (&#8220;DSB&#8221;) lauten:\u00a0<a href=\"mailto:DPO@sleepscorelabs.com\">DPO@sleepscorelabs.com<\/a><\/p>\n<p><strong>1. Welche personenbezogenen Daten sammeln wir \u00fcber Dich ein? Warum und wir verarbeiten wir Deine personenbezogenen Daten?<\/strong><\/p>\n<p>Dieser Teil erkl\u00e4rt die verschiedenen Kategorien personenbezogener Daten, die wir eventuell \u00fcber Dich einsammeln, warum wir Deine personenbezogenen Daten verarbeiten und wie wir Deine personenbezogenen Daten verarbeiten.<\/p>\n<p><strong>\u00a0 \u00a0 \u00a01.1. Anforderung von Informationen<\/strong><\/p>\n<p><strong>Warum<\/strong>: Wenn Du unsere Webseite besuchst und Informationen \u00fcber unsere Dienstleistungen anforderst, k\u00f6nnen wir Deinen Namen und Deine E-Mail-Adresse erfassen und verwenden, um mit Dir zu kommunizieren und Deine Anfrage zu beantworten.<\/p>\n<p><strong>Daten, die wir sammeln<\/strong>: Grundlegende Kontaktinformationen, einschlie\u00dflich Deines Vor- und Nachnamens und Deiner E-Mail-Adresse.<\/p>\n<p><strong>Wie (Rechtsgrundlage)<\/strong>: Die Verarbeitung dieser personenbezogenen Daten ist notwendig, um mit Dir in Kontakt zu treten und Dir die von Dir angeforderten Informationen zukommen zu lassen. Wir st\u00fctzen uns dabei auf Deine Einwilligung gem\u00e4\u00df Art. 6 Abs. 1 lit. a DSGVO (Datenschutz-Grundverordnung).<\/p>\n<p><strong>\u00a0 \u00a0 \u00a01.2. Browsing-Aktivit\u00e4t auf der Webseite \/ Cookies<\/strong><\/p>\n<p><strong>Warum<\/strong>: M\u00f6glicherweise verarbeiten wir Deine Webseiten-Browsing-Aktivit\u00e4ten, um Dir eine personalisiertere Benutzererfahrung zu bieten, unsere Webseite zu verbessern, die Sicherheit unserer Nutzer aufrechtzuerhalten und technische Probleme und Fehler zu beheben.<\/p>\n<p><strong>Daten, die wir sammeln<\/strong>: M\u00f6glicherweise sammeln wir personenbezogene Daten \u00fcber Dein Ger\u00e4t und dar\u00fcber, wie Du \/ Dein Ger\u00e4t mit unserer Webseite interagierst.<\/p>\n<p><strong>Wie (Rechtsgrundlage)<\/strong>: Wenn wir Deine Nutzungsdaten verarbeiten, st\u00fctzen wir uns gem\u00e4\u00df Artikel 6 Absatz 1 Buchstabe a der DSGVO auf Deine Zustimmung dazu.\u00a0<strong>Wichtig<\/strong>: Du kannst Deine Zustimmung zur Verarbeitung dieser Daten jederzeit widerrufen &#8211; weitere Einzelheiten findest Du weiter unten.<br \/>\nWenn Cookies f\u00fcr das Funktionieren der Webseite erforderlich sind, berufen wir uns auf ein berechtigtes Interesse gem\u00e4\u00df Art. 6 Abs. 1 S. 1 lit. f DSGVO.<\/p>\n<p>Weitere Informationen findest Du auch in unserem Cookie-Hinweis<br \/>\n<a href=\"https:\/\/deinschlaf.sleepscore.de\/cookie-hinweis\">https:\/\/deinschlaf.sleepscore.de\/cookie-hinweis<\/a><\/p>\n<p><strong>2. Aufbewahrung Deiner personenbezogenen Daten<br \/>\n<\/strong>Wir speichern Deine personenbezogenen Daten nur so lange, wie es notwendig ist f\u00fcr die Zwecke, zu denen wir die Daten gesammelt haben. Die Kriterien zur Bestimmung der L\u00e4nge der Aufbewahrung Deiner personenbezogenen Daten sind u.a.:<br \/>\n\u00b7 (i) die Dauer der laufenden Beziehung und\/oder der Erbringung unserer Dienstleistungen;<br \/>\n\u00b7 (ii) ob es eine gesetzliche Verpflichtung gibt, der wir unterliegen; und<br \/>\n\u00b7 (iii) ob die Aufbewahrung in Anbetracht unserer Rechtslage ratsam ist (z. B. im Hinblick auf geltende Verj\u00e4hrungsfristen, Rechtsstreitigkeiten oder beh\u00f6rdliche Untersuchungen).<\/p>\n<p>Die Informationen \u00fcber die Speicherdauer von Cookies findest Du in der Cookies-Erkl\u00e4rung.<\/p>\n<p>Bitte setze Dich mit uns in Verbindung, wenn Du weitere Informationen \u00fcber unsere Aufbewahrungsfristen erhalten m\u00f6chtest (siehe &#8220;Kontakt&#8221; unten).<\/p>\n<p><strong>3. Teilen und Weitergeben Deiner personenbezogener Daten<\/strong><\/p>\n<p>Wir geben Deine personenbezogenen Daten innerhalb unserer eigenen Gesch\u00e4fts- und Kundenteams zu den in dieser Erkl\u00e4rung beschriebenen Zwecken weiter. Zugang zu Deinen personenbezogenen Daten beschr\u00e4nkt sich auf autorisierte Mitarbeiter des Unternehmens, die an der Bereitstellung der Webseite arbeiten. Diese Mitarbeiter wahren strenge Vertraulichkeit und verhindern den Zugang Dritter auf personenbezogene Daten.<\/p>\n<p>Wir geben Deine personenbezogenen Daten auch an die folgenden Dienstanbieter weiter:<br \/>\n\u00b7 Webhosting-Anbieter<br \/>\n\u00b7 Technologie- und Analysedienstleister zur Verbesserung unserer Webseite<\/p>\n<p>Diese Dienstleister haben nur Zugang zu den personenbezogenen Daten, die f\u00fcr die Ausf\u00fchrung dieser begrenzten Funktionen in unserem Namen erforderlich sind, und sind verpflichtet, Deine personenbezogenen Daten zu sch\u00fctzen und zu sichern.<\/p>\n<p><strong>4. Internationale Daten\u00fcbermittlung<\/strong><\/p>\n<p>SleepScore nutzt Drittanbieter, die sich au\u00dferhalb des Europ\u00e4ischen Wirtschaftsraums (&#8220;EWR&#8221;) befinden, um Dir die Webseite und die damit verbundenen Dienstleistungen bereitszustellen.<\/p>\n<p>Es ist unsere Politik, dass solche \u00dcbertragungen an Drittparteien:<\/p>\n<p>i. nicht ohne unsere vorherige schriftliche Genehmigung erfolgen.<br \/>\nii. eine angemessene \u00dcbertragungsvereinbarung zum Schutz Deiner personenbezogenen Daten getroffen wird (z. B. die Standardvertragsklauseln, wie sie von der Europ\u00e4ischen Kommission ver\u00f6ffentlicht wurden);<br \/>\niii. dass Deine Datenschutzrechte in vollem Umfang gewahrt bleiben; und<br \/>\niv. dass Deine personenbezogenen Daten durch technische, organisatorische und Ma\u00dfnahmen wie Zugangskontrollen, Verschl\u00fcsselung (w\u00e4hrend der \u00dcbertragung und im Ruhezustand), Pseudonymisierung und Mitarbeiterschulung gesch\u00fctzt werden, um sicherzustellen, dass diese Empf\u00e4nger Dich nicht identifizieren oder Deine personenbezogenen Daten f\u00fcr andere Zwecke als die von uns genehmigten verarbeiten k\u00f6nnen, um Dir diese Webseite und die damit verbundenen Dienste bereitzustellen.<\/p>\n<p>Wenn Du mehr \u00fcber solche \u00dcbermittlungen erfahren m\u00f6chtest, wende Dich bitte per E-Mail an unseren Datenschutzbeauftragten:\u00a0<a href=\"mailto:DPO@sleepscorelabs.com\">DPO@sleepscorelabs.com<\/a>.<\/p>\n<p><strong>5. Deine Rechte in Bezug auf Deine personenbezogenen Daten<\/strong><\/p>\n<p>Du hast eine Reihe von Rechten in Bezug auf Deine personenbezogenen Daten &#8211; diese Rechte werden im Folgenden dargelegt. Zu diesen Rechten geh\u00f6rt insbesondere das Recht, Deine Zustimmung zur Verarbeitung Deiner personenbezogenen Daten durch uns zu widerrufen (wenn wir uns dabei auf Deine Zustimmung verlassen). Beachte, dass diese Rechte unter bestimmten Umst\u00e4nden nicht absolut sind. Du kannst diese Rechte aus\u00fcben, indem Du uns unter\u00a0<a href=\"mailto:DPO@sleepscorelabs.com\">DPO@sleepscorelabs.com<\/a>\u00a0kontaktierst.<\/p>\n<p>SleepScore wird auf Deine Anfrage innerhalb von drei\u00dfig (30) Tagen oder weniger antworten. In einigen F\u00e4llen kann es sein, dass wir diese Antwortzeit um zwei weitere Monate verl\u00e4ngern m\u00fcssen. Wir werden Dich benachrichtigen, wenn dies notwendig ist.<\/p>\n<p><strong>\u00a0 \u00a0 \u00a05.1. Recht auf die Widerrufung Deiner Einwilligung<br \/>\n<\/strong>Wenn Du uns Deine Einwilligung zur Verarbeitung Deiner personenbezogenen Daten gegeben hast, hast Du das\u00a0<strong>Recht, Deine Einwilligung zur Verarbeitung Deiner personenbezogenen Daten jederzeit zu widerrufen<\/strong>. Du kannst Deine Einwilligung z. B. widerrufen, indem Du Deine Einstellungen aktualisieren (z. B. Opt-out). In bestimmten F\u00e4llen k\u00f6nnen wir Deine personenbezogenen Daten auch nach dem Widerruf Deiner Einwilligung weiterverarbeiten, wenn wir eine Rechtsgrundlage daf\u00fcr haben oder wenn Dein Widerruf der Einwilligung auf bestimmte Verarbeitungst\u00e4tigkeiten beschr\u00e4nkt war.\u00a0<strong>Wenn Du Deine Einwilligung widerrufst, hat dies keinen Einfluss auf die Rechtm\u00e4\u00dfigkeit der Verarbeitung Deiner personenbezogenen Daten, die wir vor Deinem Widerruf durchgef\u00fchrt haben.<\/strong><\/p>\n<p><strong>\u00a0 \u00a0 \u00a05.2. Recht auf Zugang<br \/>\n<\/strong>Du hast das Recht, auf Deine personenbezogenen Daten, die sich in unserem Besitz befinden, zuzugreifen und eine Kopie davon zu erhalten. Du kannst auf einen Gro\u00dfteil Deiner personenbezogenen Daten zugreifen, indem Du Dich in Deinem Konto anmeldest.<\/p>\n<p><strong>\u00a0 \u00a0 \u00a05.3. Recht auf L\u00f6schung<\/strong><br \/>\nDu kannst die L\u00f6schung deines Kontos oder deiner personenbezogenen Daten, die bei uns gespeichert sind, beantragen. Nach der L\u00f6schung k\u00f6nnen Deine personenbezogenen Daten, einschlie\u00dflich Deiner Kontodaten und damit verbundenen Aktivit\u00e4ten, nicht mehr abgerufen werden.<\/p>\n<p><strong>\u00a0 \u00a0 \u00a05.4. Recht auf Richtigstellung<br \/>\n<\/strong>Du hast das Recht, von uns zu verlangen, dass wir unzutreffende personenbezogene Daten, die wir \u00fcber Dich gespeichert haben, aktualisieren oder berichtigen. Du kannst Deine personenbezogenen Daten auch berichtigen, indem Du Dich in Deinem Konto anmeldest.<\/p>\n<p><strong>\u00a0 \u00a0 \u00a05.5. Recht auf Einschr\u00e4nkung<\/strong><br \/>\nDu hast das Recht, von uns zu verlangen, dass wir die Verarbeitung Deiner personenbezogenen Daten in bestimmten Situationen einschr\u00e4nken, z. B. wenn Du glaubst, dass die personenbezogenen Daten, die wir \u00fcber Dich gespeichert haben, unrichtig sind oder unsere Verarbeitung Deiner personenbezogenen Daten unrechtm\u00e4\u00dfig ist. Wenn Du dieses Recht in Anspruch nimmst, werden wir Deine personenbezogenen Daten speichern und bis zur Kl\u00e4rung des Problems keine weitere Verarbeitung vornehmen. Du kannst Deine personenbezogenen Daten auch einschr\u00e4nken, indem Du Dich bei Deinem Konto anmeldest.<\/p>\n<p><strong>\u00a0 \u00a0 \u00a05.6. Recht auf \u00dcbertragung der Daten<br \/>\n<\/strong>Du kannst von uns verlangen, dass wir Dir Deine personenbezogenen Daten, die Du uns zur<\/p>\n<p>Verf\u00fcgung gestellt hast, in einem strukturierten, allgemein gebr\u00e4uchlichen und maschinenlesbaren Format zur Verf\u00fcgung stellen, und Du kannst von uns verlangen, dass wir Deine personenbezogenen Daten direkt an einen anderen f\u00fcr die Verarbeitung Verantwortlichen \u00fcbermitteln, sofern dies technisch machbar ist.<\/p>\n<p><strong>\u00a0 \u00a0 \u00a05.7. Rechte in Bezug auf die automatisierte Entscheidungsfindung (einschlie\u00dflich Profiling)<\/strong><br \/>\nDu hast das Recht, einer ausschlie\u00dflich automatisierten Entscheidungsfindung, einschlie\u00dflich Profiling, nicht unterworfen zu werden, die rechtliche oder \u00e4hnlich erhebliche Auswirkungen auf Dich hat. Um dieses Recht auszu\u00fcben, kannst Du: (a) verlangen, dass eine Person eine solche Entscheidung \u00fcberpr\u00fcft; (b) den eigenen Standpunkt darlegen; und\/oder (c) die Entscheidung anfechten.<\/p>\n<p><strong>\u00a0 \u00a0 \u00a05.8. Recht auf Einreichung einer Beschwerde bei der Datenschutzbeh\u00f6rde<\/strong><br \/>\nFalls Du eine Beschwerde bez\u00fcglich der Verarbeitung Deiner personenbezogenen Daten einreichen m\u00f6chtest (unbeschadet anderer Rechte, die Du m\u00f6glicherweise hast), dann hast Du das Recht, dies zu tun, indem Du die Beschwerde entweder bei der Data Protection Commission in Irland ( der irischen Datenschutzkommission, weitere Informationen unter (<a href=\"https:\/\/www.dataprotection.ie\/\" target=\"_blank\" rel=\"noopener\">www.dataprotection.ie<\/a>) oder bei Deiner \u00f6rtlichen Datenschutz-Aufsichtsbeh\u00f6rde einreichst.<\/p>\n<p><strong>6. Erhebung von personenbezogenen Daten von Kindern<\/strong><br \/>\nSleepScore bietet keine Dienstleistungen f\u00fcr Kinder an. Auch unsere Marketingma\u00dfnahmen wenden sich nicht an Kinder. Falls Du unter 16 Jahre alt bist, bitte \u00fcbermittle keine personenbezogenen Daten an unsere Webseite. Wir ermutigen Eltern und Erziehungsberechtigte, die Internetnutzung ihrer Kinder zu \u00fcberwachen und zur Durchsetzung dieser Datenschutzerkl\u00e4rung beizutragen, indem sie ihre Kinder anweisen, ohne die Zustimmung der Erziehungsberechtigten keine personenbezogenen Daten \u00fcber unsere Webseite zu \u00fcbermitteln.<\/p>\n<p><strong>7. Sicherheit der personenbezogenen Daten<br \/>\n<\/strong>SleepScore verpflichtet sich, die Sicherheit der von Dir gesammelten personenbezogenen Daten zu sch\u00fctzen. Wir verwenden eine Reihe von Sicherheitstechnologien und -verfahren, um Deine personenbezogenen Daten vor unbefugtem Zugriff, Verwendung oder Offenlegung zu sch\u00fctzen. Beispielsweise speichern wir die von Dir zur Verf\u00fcgung gestellten personenbezogenen Daten verschl\u00fcsselt und auf Computersystemen, die nur begrenzten Zugang haben und sich in kontrollierten Einrichtungen befinden.<\/p>\n<p><strong>8. \u00c4nderungen der Datenschutzerkl\u00e4rung<br \/>\n<\/strong>Diese Datenschutzerkl\u00e4rung kann von Zeit zu Zeit ge\u00e4ndert werden. Wir empfehlen Dir deshalb, diese Erkl\u00e4rung Hinweis gelegentlich zu lesen. Wir werden \u00c4nderungen, einschlie\u00dflich wesentlicher \u00c4nderungen, an den Datenschutzhinweisen durch Aktualisierung des Datums &#8220;Zuletzt aktualisiert&#8221; am Anfang der Erkl\u00e4rung kennzeichnen. Wenn Du die Webseite nach einer Aktualisierung dieser Datenschutzerkl\u00e4rung nutzt, erkl\u00e4rst Du Dich mit den \u00c4nderungen einverstanden.<\/p>\n<p><strong>9. Wie Du uns kontaktieren kannst<br \/>\n<\/strong>Wenn Du technische oder Support-Fragen hast, bitte kontaktiere uns per E-Mail \u00fcber die E-Mail-Adresse\u00a0<a href=\"mailto:deinschlaf.support@sleepscore.de\">deinschlaf.support@sleepscore.de<\/a>.<\/p>\n<p>Wenn Du Fragen zum Datenschutz, Beschwerden oder Anfragen an den Datenschutzbeauftragten hast, dann wende Dich bitte an unseren Datenschutzbeauftragten mit der E-Mail-Adresse\u00a0<a href=\"mailto:DPO@sleepscorelabs.com\">DPO@sleepscorelabs.com<\/a><\/p>\n\n<\/div>\n\n                              <\/div>\n      <\/div>\n<\/div>\n\n      <\/div>\n<\/section>","protected":false},"excerpt":{"rendered":"","protected":false},"author":1,"featured_media":0,"parent":0,"menu_order":0,"comment_status":"closed","ping_status":"closed","template":"","meta":{"_acf_changed":false,"footnotes":""},"class_list":["post-13438","page","type-page","status-publish","hentry"],"acf":[],"yoast_head":"<!-- This site is optimized with the Yoast SEO plugin v27.4 - https:\/\/yoast.com\/product\/yoast-seo-wordpress\/ -->\n<title>Datenschutzerkl\u00e4rung | Sleep.ai<\/title>\n<meta name=\"description\" content=\"Deine Privatsph\u00e4re ist uns wichtig. Diese Datenschutzerkl\u00e4rung (\u201cErkl\u00e4rung\u201d) beschreibt, wie\u00a0SleepScore Labs International Limited.\" \/>\n<meta name=\"robots\" content=\"index, follow, max-snippet:-1, max-image-preview:large, max-video-preview:-1\" \/>\n<link rel=\"canonical\" href=\"https:\/\/www.sleep.ai\/de\/privacy-policy-2\/\" \/>\n<meta property=\"og:locale\" content=\"de_DE\" \/>\n<meta property=\"og:type\" content=\"article\" \/>\n<meta property=\"og:title\" content=\"Datenschutzerkl\u00e4rung | Sleep.ai\" \/>\n<meta property=\"og:description\" content=\"Deine Privatsph\u00e4re ist uns wichtig. Diese Datenschutzerkl\u00e4rung (\u201cErkl\u00e4rung\u201d) beschreibt, wie\u00a0SleepScore Labs International Limited.\" \/>\n<meta property=\"og:url\" content=\"https:\/\/www.sleep.ai\/de\/privacy-policy-2\/\" \/>\n<meta property=\"og:site_name\" content=\"Sleep.ai\" \/>\n<meta property=\"article:modified_time\" content=\"2025-09-01T08:49:32+00:00\" \/>\n<meta name=\"twitter:card\" content=\"summary_large_image\" \/>\n<meta name=\"twitter:label1\" content=\"Est. reading time\" \/>\n\t<meta name=\"twitter:data1\" content=\"7 minutes\" \/>\n<script type=\"application\/ld+json\" class=\"yoast-schema-graph\">{\"@context\":\"https:\\\/\\\/schema.org\",\"@graph\":[{\"@type\":\"WebPage\",\"@id\":\"https:\\\/\\\/www.sleep.ai\\\/de\\\/privacy-policy-2\\\/\",\"url\":\"https:\\\/\\\/www.sleep.ai\\\/de\\\/privacy-policy-2\\\/\",\"name\":\"Datenschutzerkl\u00e4rung | Sleep.ai\",\"isPartOf\":{\"@id\":\"https:\\\/\\\/www.sleep.ai\\\/de\\\/#website\"},\"datePublished\":\"2025-04-11T07:57:07+00:00\",\"dateModified\":\"2025-09-01T08:49:32+00:00\",\"description\":\"Deine Privatsph\u00e4re ist uns wichtig. Diese Datenschutzerkl\u00e4rung (\u201cErkl\u00e4rung\u201d) beschreibt, wie\u00a0SleepScore Labs International Limited.\",\"breadcrumb\":{\"@id\":\"https:\\\/\\\/www.sleep.ai\\\/de\\\/privacy-policy-2\\\/#breadcrumb\"},\"inLanguage\":\"de-DE\",\"potentialAction\":[{\"@type\":\"ReadAction\",\"target\":[\"https:\\\/\\\/www.sleep.ai\\\/de\\\/privacy-policy-2\\\/\"]}]},{\"@type\":\"BreadcrumbList\",\"@id\":\"https:\\\/\\\/www.sleep.ai\\\/de\\\/privacy-policy-2\\\/#breadcrumb\",\"itemListElement\":[{\"@type\":\"ListItem\",\"position\":1,\"name\":\"Home\",\"item\":\"https:\\\/\\\/www.sleep.ai\\\/de\\\/\"},{\"@type\":\"ListItem\",\"position\":2,\"name\":\"Privacy Policy\"}]},{\"@type\":\"WebSite\",\"@id\":\"https:\\\/\\\/www.sleep.ai\\\/de\\\/#website\",\"url\":\"https:\\\/\\\/www.sleep.ai\\\/de\\\/\",\"name\":\"Sleep ai\",\"description\":\"AI-Powered Sleep Intelligence\",\"potentialAction\":[{\"@type\":\"SearchAction\",\"target\":{\"@type\":\"EntryPoint\",\"urlTemplate\":\"https:\\\/\\\/www.sleep.ai\\\/de\\\/?s={search_term_string}\"},\"query-input\":{\"@type\":\"PropertyValueSpecification\",\"valueRequired\":true,\"valueName\":\"search_term_string\"}}],\"inLanguage\":\"de-DE\"}]}<\/script>\n<!-- \/ Yoast SEO plugin. -->","yoast_head_json":{"title":"Datenschutzerkl\u00e4rung | Sleep.ai","description":"Deine Privatsph\u00e4re ist uns wichtig. Diese Datenschutzerkl\u00e4rung (\u201cErkl\u00e4rung\u201d) beschreibt, wie\u00a0SleepScore Labs International Limited.","robots":{"index":"index","follow":"follow","max-snippet":"max-snippet:-1","max-image-preview":"max-image-preview:large","max-video-preview":"max-video-preview:-1"},"canonical":"https:\/\/www.sleep.ai\/de\/privacy-policy-2\/","og_locale":"de_DE","og_type":"article","og_title":"Datenschutzerkl\u00e4rung | Sleep.ai","og_description":"Deine Privatsph\u00e4re ist uns wichtig. Diese Datenschutzerkl\u00e4rung (\u201cErkl\u00e4rung\u201d) beschreibt, wie\u00a0SleepScore Labs International Limited.","og_url":"https:\/\/www.sleep.ai\/de\/privacy-policy-2\/","og_site_name":"Sleep.ai","article_modified_time":"2025-09-01T08:49:32+00:00","twitter_card":"summary_large_image","twitter_misc":{"Est. reading time":"7 minutes"},"schema":{"@context":"https:\/\/schema.org","@graph":[{"@type":"WebPage","@id":"https:\/\/www.sleep.ai\/de\/privacy-policy-2\/","url":"https:\/\/www.sleep.ai\/de\/privacy-policy-2\/","name":"Datenschutzerkl\u00e4rung | Sleep.ai","isPartOf":{"@id":"https:\/\/www.sleep.ai\/de\/#website"},"datePublished":"2025-04-11T07:57:07+00:00","dateModified":"2025-09-01T08:49:32+00:00","description":"Deine Privatsph\u00e4re ist uns wichtig. Diese Datenschutzerkl\u00e4rung (\u201cErkl\u00e4rung\u201d) beschreibt, wie\u00a0SleepScore Labs International Limited.","breadcrumb":{"@id":"https:\/\/www.sleep.ai\/de\/privacy-policy-2\/#breadcrumb"},"inLanguage":"de-DE","potentialAction":[{"@type":"ReadAction","target":["https:\/\/www.sleep.ai\/de\/privacy-policy-2\/"]}]},{"@type":"BreadcrumbList","@id":"https:\/\/www.sleep.ai\/de\/privacy-policy-2\/#breadcrumb","itemListElement":[{"@type":"ListItem","position":1,"name":"Home","item":"https:\/\/www.sleep.ai\/de\/"},{"@type":"ListItem","position":2,"name":"Privacy Policy"}]},{"@type":"WebSite","@id":"https:\/\/www.sleep.ai\/de\/#website","url":"https:\/\/www.sleep.ai\/de\/","name":"Sleep ai","description":"AI-Powered Sleep Intelligence","potentialAction":[{"@type":"SearchAction","target":{"@type":"EntryPoint","urlTemplate":"https:\/\/www.sleep.ai\/de\/?s={search_term_string}"},"query-input":{"@type":"PropertyValueSpecification","valueRequired":true,"valueName":"search_term_string"}}],"inLanguage":"de-DE"}]}},"_links":{"self":[{"href":"https:\/\/www.sleep.ai\/de\/wp-json\/wp\/v2\/pages\/13438","targetHints":{"allow":["GET"]}}],"collection":[{"href":"https:\/\/www.sleep.ai\/de\/wp-json\/wp\/v2\/pages"}],"about":[{"href":"https:\/\/www.sleep.ai\/de\/wp-json\/wp\/v2\/types\/page"}],"author":[{"embeddable":true,"href":"https:\/\/www.sleep.ai\/de\/wp-json\/wp\/v2\/users\/1"}],"replies":[{"embeddable":true,"href":"https:\/\/www.sleep.ai\/de\/wp-json\/wp\/v2\/comments?post=13438"}],"version-history":[{"count":2,"href":"https:\/\/www.sleep.ai\/de\/wp-json\/wp\/v2\/pages\/13438\/revisions"}],"predecessor-version":[{"id":13442,"href":"https:\/\/www.sleep.ai\/de\/wp-json\/wp\/v2\/pages\/13438\/revisions\/13442"}],"wp:attachment":[{"href":"https:\/\/www.sleep.ai\/de\/wp-json\/wp\/v2\/media?parent=13438"}],"curies":[{"name":"wp","href":"https:\/\/api.w.org\/{rel}","templated":true}]}}