{"id":13421,"date":"2025-05-07T10:16:10","date_gmt":"2025-05-07T10:16:10","guid":{"rendered":"https:\/\/www.sleep.ai\/cookie-policy-2\/"},"modified":"2025-09-26T03:00:07","modified_gmt":"2025-09-26T10:00:07","slug":"hinweis-zu-cookies","status":"publish","type":"page","link":"https:\/\/www.sleep.ai\/de\/hinweis-zu-cookies\/","title":{"rendered":"Hinweis zu Cookies"},"content":{"rendered":"<section id=\"\" class=\"dark overflow-clip\">\n      <div class=\"section-wrapper bg-background-primary-bg-fill padding-top-regular padding-bottom-regular \">\n            <div class=\"relative\">\n      \n\n      <div class=\"yp-container \">\n\n\n            <div\n                  class=\"relative flex flex-col gap-6 \">\n                  <h1 class=\"m-0 headline-small\">Hinweis zu Cookies<\/h1>\n\n                  <div class=\"content-wrapper m-0 body-large\">\n    <h2 id=\"headline-6-38\" class=\"ct-headline\">Cookie-Erkl\u00e4rung<\/h2>\n<div id=\"_rich_text-8-38\" class=\"oxy-rich-text richt-text-block\">\n<h3><strong>\u00dcber diese Cookie-Erkl\u00e4rung<\/strong><\/h3>\n<p>Diese Cookie-Erkl\u00e4rung erkl\u00e4rt, was Cookies sind und wie wir sie nutzen. Lies diese Cookie-Erkl\u00e4rung, um zu verstehen, was Cookies sind, wie wir sie verwenden, welche Art von Cookies wir nutzen bzw. die Informationen, die wir mittels Cookies einsammeln, wie diese Informationen genutzt werden und wie Du Deine Cookie-Einstellungen steuern kannst. Weitere Informationen dar\u00fcber, wie wir Deine pers\u00f6nlichen Daten verwenden, speichern und sicher verwahren, findest Du in der Datenschutzerkl\u00e4rung.<\/p>\n<p>Du kannst jederzeit Dein Einverst\u00e4ndnis mit der Cookie-Erkl\u00e4rung unserer Webseite \u00e4ndern oder zur\u00fcckziehen.<\/p>\n<p>Erfahre in der Datenschutzerkl\u00e4rung mehr dar\u00fcber, wer wir sind, wie Du uns kontaktieren kannst und wie wir Deine pers\u00f6nlichen Daten verarbeiten.<\/p>\n<p>Dein Einverst\u00e4ndnis bezieht sich auf folgende Domain: deinschlaf.sleepscore.de<\/p>\n<h3><strong>Was sind Cookies?<\/strong><\/h3>\n<p>Cookies sind kleine Textdateien, die dazu verwendet werden, kleine Informationseinheiten zu speichern. Die Cookies werden auf Deinem Ger\u00e4t gespeichert, wenn die Webseite auf Deinem Internet-Browser geladen ist. Diese Cookies helfen uns, die Webseite ordnungsgem\u00e4\u00df funktionieren zu lassen, die Webseite sicherer zu machen und eine bessere Benutzererfahrung zu bieten. Au\u00dferdem helfen uns Cookies zu verstehen, wie die Webseite performt, und zu analysieren, was funktioniert und was verbessert werden muss.<\/p>\n<h3><strong>Wie nutzen wir Cookies?<\/strong><\/h3>\n<p>Wie die meisten Online-Dienste nutzt auch unsere Webseite Cookies &#8211; sowohl First-Party-Cookies als auch Third-Party-Cookies. First-Party-Cookies werden von dem Webseitenbetreiber erzeugt, Third-Party-Cookies von einem Dritten, oft zu Werbezwecken.<\/p>\n<p>Die First-Party-Cookies werden zum gr\u00f6\u00dften Teil zur Sicherstellung des ordnungsgem\u00e4\u00dfen Funktionieren der Webseite verwendet. Sie sammeln keine Deiner personenbezogenen Daten ein.<\/p>\n<p>Die Third-Party-Cookies, die auf unserer Webseite verwendet werden, werden zum gr\u00f6\u00dften Teil dazu genutzt, um zu verstehen, wie die Webseite performt, wie Du mit der Webseite interagierst, um unsere Dienste sicher zu halten, um Dir Werbeanzeigen zu zeigen, die f\u00fcr Dich relevant sind und insgesamt, um Dir eine bessere und optimierte Benutzererfahrung zu bieten und um Deine zuk\u00fcnftigen Interaktionen mit der Webseite zu beschleunigen.<\/p>\n<h3><strong>Welche Art von Cookies verwenden wir?<\/strong><\/h3>\n<p>Die Cookies, die wir auf unserer Webseite einsetzen, fallen in die folgenden Kategorien:<\/p>\n<p>Die folgende Liste bietet einen \u00dcberblick \u00fcber die Cookies, die auf unserer Webseite verwendet werden.<\/p>\n<p>&nbsp;<\/p>\n<div class=\"wt-cli-element cli_cookie_category_single\">\n<div class=\"cli_cookie_category_single\">\n<h5 class=\"cli_cookie_category_single_hd\">Notwendige Cookies<\/h5>\n<div class=\"cli_cookie_category_single_description\">\n<p>Notwendige Cookies sind f\u00fcr das ordnungsgem\u00e4\u00dfe Funktionieren der Webseite erforderlich. Diese Cookies gew\u00e4hrleisten grundlegende Funktionalit\u00e4ten und Sicherheitsmerkmale der Webseite. Sie sind anonym.<\/p>\n<table class=\"wt-cli-element cookielawinfo-row-cat-table cookielawinfo-winter\">\n<thead>\n<tr>\n<th class=\"cookielawinfo-column-1\" scope=\"col\">Cookie<\/th>\n<th class=\"cookielawinfo-column-3\" scope=\"col\">Duration<\/th>\n<th class=\"cookielawinfo-column-4\" scope=\"col\">Description<\/th>\n<\/tr>\n<\/thead>\n<tbody>\n<tr class=\"cookielawinfo-row\">\n<td class=\"cookielawinfo-column-1\">__cf_bm<\/td>\n<td class=\"cookielawinfo-column-3\">1 Stunde<\/td>\n<td class=\"cookielawinfo-column-4\"><span class=\"HwtZe\" lang=\"de\"><span class=\"jCAhz ChMk0b\"><span class=\"ryNqvb\">Dieses von Cloudflare gesetzte Cookie wird zur Unterst\u00fctzung des Cloudflare Bot Managements verwendet.<\/span><\/span><\/span><\/td>\n<\/tr>\n<tr class=\"cookielawinfo-row\">\n<td class=\"cookielawinfo-column-1\">_GRECAPTCHA<\/td>\n<td class=\"cookielawinfo-column-3\">6 Monate<\/td>\n<td class=\"cookielawinfo-column-4\"><span class=\"HwtZe\" lang=\"de\"><span class=\"jCAhz ChMk0b\"><span class=\"ryNqvb\">Der Google Recaptcha-Dienst setzt dieses Cookie, um Bots zu identifizieren und die Website vor b\u00f6swilligen Spam-Angriffen zu sch\u00fctzen.<\/span><\/span><\/span><\/td>\n<\/tr>\n<tr class=\"cookielawinfo-row\">\n<td class=\"cookielawinfo-column-1\">cookielawinfo-checkbox-advertisement<\/td>\n<td class=\"cookielawinfo-column-3\">11 Monate<\/td>\n<td class=\"cookielawinfo-column-4\">Dieses Cookie wird vom GDPR Cookie Consent Plugin gesetzt. Das Cookie wird verwendet, um die Zustimmung des Benutzers f\u00fcr die Cookies der Kategorie &#8220;Werbung Cookies&#8221; zu speichern.<\/td>\n<\/tr>\n<tr class=\"cookielawinfo-row\">\n<td class=\"cookielawinfo-column-1\">cookielawinfo-checkbox-analytics<\/td>\n<td class=\"cookielawinfo-column-3\">11 Monate<\/td>\n<td class=\"cookielawinfo-column-4\">Dieses Cookie wird vom GDPR Cookie Consent Plugin gesetzt. Das Cookie wird verwendet, um die Zustimmung des Benutzers f\u00fcr die Cookies in der Kategorie &#8220;Analyse-Cookies&#8221; zu speichern<\/td>\n<\/tr>\n<tr class=\"cookielawinfo-row\">\n<td class=\"cookielawinfo-column-1\">cookielawinfo-checkbox-functional<\/td>\n<td class=\"cookielawinfo-column-3\">11 Monate<\/td>\n<td class=\"cookielawinfo-column-4\">Dieses Cookie wird durch die GDPR-Cookie-Zustimmung gesetzt, um die Zustimmung des Benutzers f\u00fcr die Cookies in der Kategorie &#8220;Funktionale Cookies&#8221; zu speichern.<\/td>\n<\/tr>\n<tr class=\"cookielawinfo-row\">\n<td class=\"cookielawinfo-column-1\">cookielawinfo-checkbox-necessary<\/td>\n<td class=\"cookielawinfo-column-3\">11 Monate<\/td>\n<td class=\"cookielawinfo-column-4\">Dieses Cookie wird vom GDPR Cookie Consent Plugin gesetzt. Das Cookie wird verwendet, um die Zustimmung des Benutzers f\u00fcr die Cookies der Kategorie &#8220;Notwendige Cookies&#8221; zu speichern.<\/td>\n<\/tr>\n<tr class=\"cookielawinfo-row\">\n<td class=\"cookielawinfo-column-1\">cookielawinfo-checkbox-others<\/td>\n<td class=\"cookielawinfo-column-3\">11 Monate<\/td>\n<td class=\"cookielawinfo-column-4\">Dieses Cookie wird vom GDPR Cookie Consent Plugin gesetzt. Das Cookie wird verwendet, um die Zustimmung des Benutzers f\u00fcr die Cookies in der Kategorie &#8220;Andere Cookies&#8221; zu speichern.<\/td>\n<\/tr>\n<tr class=\"cookielawinfo-row\">\n<td class=\"cookielawinfo-column-1\">cookielawinfo-checkbox-performance<\/td>\n<td class=\"cookielawinfo-column-3\">11 Monate<\/td>\n<td class=\"cookielawinfo-column-4\">Dieses Cookie wird vom GDPR Cookie Consent Plugin gesetzt. Das Cookie wird verwendet, um die Zustimmung des Benutzers f\u00fcr die Cookies in der Kategorie &#8220;Performance-Cookies&#8221; zu speichern.<\/td>\n<\/tr>\n<tr class=\"cookielawinfo-row\">\n<td class=\"cookielawinfo-column-1\">viewed_cookie_policy<\/td>\n<td class=\"cookielawinfo-column-3\">11 Monate<\/td>\n<td class=\"cookielawinfo-column-4\">Dieses Cookie wird vom GDPR Cookie Consent Plugin gesetzt und wird verwendet, um zu speichern, ob der Benutzer der Verwendung von Cookies zugestimmt hat oder nicht. Dieses Cookie speichert keine personenbezogenen Daten.<\/td>\n<\/tr>\n<\/tbody>\n<\/table>\n<p>&nbsp;<\/p>\n<\/div>\n<\/div>\n<div class=\"cli_cookie_category_single\">\n<h5 class=\"cli_cookie_category_single_hd\">Funktionale Cookie<\/h5>\n<div class=\"cli_cookie_category_single_description\">\n<p>Funktionale Cookies helfen dabei, bestimmte Funktionen auszuf\u00fchren, wie z. B. das Teilen von Inhalten der Webseite auf Plattformen sozialer Medien, das Sammeln von Feedback und andere Funktionen von Dritten.<\/p>\n<\/div>\n<\/div>\n<div class=\"cli_cookie_category_single\">\n<h5 class=\"cli_cookie_category_single_hd\">Performance-Cookies<\/h5>\n<div class=\"cli_cookie_category_single_description\">\n<p>Performance-Cookies werden verwendet, um die wichtigsten Performance-Kennzahlen der Webseite zu verstehen und zu analysieren, was dazu beitr\u00e4gt, den Besuchern ein besseres Benutzererlebnis zu bieten.<\/p>\n<\/div>\n<\/div>\n<div class=\"cli_cookie_category_single\">\n<h5 class=\"cli_cookie_category_single_hd\">Analyse-Cookies<\/h5>\n<div class=\"cli_cookie_category_single_description\">\n<p>Analyse-Cookies werden verwendet, um zu verstehen, wie Besucher mit der Webseite interagieren. Diese Cookies helfen dabei, Informationen \u00fcber die Anzahl der Besucher, die Absprungrate, die Traffic-Quelle usw. zu ermitteln.<\/p>\n<\/div>\n<\/div>\n<div class=\"cli_cookie_category_single\">\n<h5 class=\"cli_cookie_category_single_hd\">Werbe-Cookies<\/h5>\n<div class=\"cli_cookie_category_single_description\">\n<p>Werbe-Cookies werden verwendet, um Besuchern relevante Werbung und Marketing-Kampagnen anzubieten. Diese Cookies verfolgen die Besucher auf verschiedenen Webseiten und sammeln Informationen, um ma\u00dfgeschneiderte Werbung zu liefern.<\/p>\n<\/div>\n<\/div>\n<div class=\"cli_cookie_category_single\">\n<h5 class=\"cli_cookie_category_single_hd\">Andere Cookies<\/h5>\n<div class=\"cli_cookie_category_single_description\">\n<p>Andere Cookies, die nicht in eine der Kategorien fallen, sind Cookies, die noch analysiert werden und noch nicht in eine der Kategorien klassifiziert wurden.<\/p>\n<\/div>\n<\/div>\n<\/div>\n<p>&nbsp;<\/p>\n<h3>Wie kann ich meine Cookie-Einstellungen \u00e4ndern?<\/h3>\n<p>Du kannst Deine Cookie-Einstellungen \u00e4ndern, indem Du auf den Button \u201cEinstellungen\u201d klickst und im Popup-Fenster die Cookie-Kategorien nach Deinen Pr\u00e4ferenzen aktivierst oder deaktivierst.<\/p>\n<p>Solltest Du Dich dazu entscheiden, Deine Einstellungen sp\u00e4ter \u00e4ndern zu wollen, kannst Du auf den Button \u201cCookie-Erkl\u00e4rung\u201d auf Deinem Bildschirm klicken. Dadurch wird der Hinweis auf das Einverst\u00e4ndnis erneut angezeigt, sodass Du Deine Pr\u00e4ferenzen \u00e4ndern oder Dein Einverst\u00e4ndnis vollst\u00e4ndig zur\u00fcckziehen kannst.<\/p>\n<p>Au\u00dferdem nutzen verschiedene Browser verschiedene Methoden zur Deaktivierung und L\u00f6schung von Cookies, die von Webseiten verwendet werden. Du kannst Deinen Browser in den Einstellungen so einstellen, dass Cookies deaktiviert oder gel\u00f6scht werden. Um mehr dar\u00fcber zu erfahren, wie Du Cookies deaktivieren und l\u00f6schen kannst, besuche wikipedia.org und\u00a0<a href=\"https:\/\/www.allaboutcookies.org\/\" target=\"_blank\" rel=\"noopener\">www.allaboutcookies.org<\/a>.<\/p>\n<\/div>\n<p>&nbsp;<\/p>\n\n<\/div>\n\n                              <\/div>\n      <\/div>\n<\/div>\n\n      <\/div>\n<\/section>","protected":false},"excerpt":{"rendered":"","protected":false},"author":1,"featured_media":0,"parent":0,"menu_order":0,"comment_status":"closed","ping_status":"closed","template":"","meta":{"_acf_changed":false,"footnotes":""},"class_list":["post-13421","page","type-page","status-publish","hentry"],"acf":[],"yoast_head":"<!-- This site is optimized with the Yoast SEO plugin v27.4 - https:\/\/yoast.com\/product\/yoast-seo-wordpress\/ -->\n<title>Hinweis zu Cookies | Sleep.ai<\/title>\n<meta name=\"description\" content=\"Erfahren Sie, wie Sleep.ai Cookies nutzt, um Ihre Nutzererfahrung zu verbessern und digitale Schlafservices zu optimieren.\" \/>\n<meta name=\"robots\" content=\"index, follow, max-snippet:-1, max-image-preview:large, max-video-preview:-1\" \/>\n<link rel=\"canonical\" href=\"https:\/\/www.sleep.ai\/de\/hinweis-zu-cookies\/\" \/>\n<meta property=\"og:locale\" content=\"de_DE\" \/>\n<meta property=\"og:type\" content=\"article\" \/>\n<meta property=\"og:title\" content=\"Hinweis zu Cookies | Sleep.ai\" \/>\n<meta property=\"og:description\" content=\"Erfahren Sie, wie Sleep.ai Cookies nutzt, um Ihre Nutzererfahrung zu verbessern und digitale Schlafservices zu optimieren.\" \/>\n<meta property=\"og:url\" content=\"https:\/\/www.sleep.ai\/de\/hinweis-zu-cookies\/\" \/>\n<meta property=\"og:site_name\" content=\"Sleep.ai\" \/>\n<meta property=\"article:modified_time\" content=\"2025-09-26T10:00:07+00:00\" \/>\n<meta name=\"twitter:card\" content=\"summary_large_image\" \/>\n<script type=\"application\/ld+json\" class=\"yoast-schema-graph\">{\"@context\":\"https:\\\/\\\/schema.org\",\"@graph\":[{\"@type\":\"WebPage\",\"@id\":\"https:\\\/\\\/www.sleep.ai\\\/de\\\/hinweis-zu-cookies\\\/\",\"url\":\"https:\\\/\\\/www.sleep.ai\\\/de\\\/hinweis-zu-cookies\\\/\",\"name\":\"Hinweis zu Cookies | Sleep.ai\",\"isPartOf\":{\"@id\":\"https:\\\/\\\/www.sleep.ai\\\/de\\\/#website\"},\"datePublished\":\"2025-05-07T10:16:10+00:00\",\"dateModified\":\"2025-09-26T10:00:07+00:00\",\"description\":\"Erfahren Sie, wie Sleep.ai Cookies nutzt, um Ihre Nutzererfahrung zu verbessern und digitale Schlafservices zu optimieren.\",\"breadcrumb\":{\"@id\":\"https:\\\/\\\/www.sleep.ai\\\/de\\\/hinweis-zu-cookies\\\/#breadcrumb\"},\"inLanguage\":\"de-DE\",\"potentialAction\":[{\"@type\":\"ReadAction\",\"target\":[\"https:\\\/\\\/www.sleep.ai\\\/de\\\/hinweis-zu-cookies\\\/\"]}]},{\"@type\":\"BreadcrumbList\",\"@id\":\"https:\\\/\\\/www.sleep.ai\\\/de\\\/hinweis-zu-cookies\\\/#breadcrumb\",\"itemListElement\":[{\"@type\":\"ListItem\",\"position\":1,\"name\":\"Home\",\"item\":\"https:\\\/\\\/www.sleep.ai\\\/de\\\/\"},{\"@type\":\"ListItem\",\"position\":2,\"name\":\"Hinweis zu Cookies\"}]},{\"@type\":\"WebSite\",\"@id\":\"https:\\\/\\\/www.sleep.ai\\\/de\\\/#website\",\"url\":\"https:\\\/\\\/www.sleep.ai\\\/de\\\/\",\"name\":\"Sleep ai\",\"description\":\"AI-Powered Sleep Intelligence\",\"potentialAction\":[{\"@type\":\"SearchAction\",\"target\":{\"@type\":\"EntryPoint\",\"urlTemplate\":\"https:\\\/\\\/www.sleep.ai\\\/de\\\/?s={search_term_string}\"},\"query-input\":{\"@type\":\"PropertyValueSpecification\",\"valueRequired\":true,\"valueName\":\"search_term_string\"}}],\"inLanguage\":\"de-DE\"}]}<\/script>\n<!-- \/ Yoast SEO plugin. -->","yoast_head_json":{"title":"Hinweis zu Cookies | Sleep.ai","description":"Erfahren Sie, wie Sleep.ai Cookies nutzt, um Ihre Nutzererfahrung zu verbessern und digitale Schlafservices zu optimieren.","robots":{"index":"index","follow":"follow","max-snippet":"max-snippet:-1","max-image-preview":"max-image-preview:large","max-video-preview":"max-video-preview:-1"},"canonical":"https:\/\/www.sleep.ai\/de\/hinweis-zu-cookies\/","og_locale":"de_DE","og_type":"article","og_title":"Hinweis zu Cookies | Sleep.ai","og_description":"Erfahren Sie, wie Sleep.ai Cookies nutzt, um Ihre Nutzererfahrung zu verbessern und digitale Schlafservices zu optimieren.","og_url":"https:\/\/www.sleep.ai\/de\/hinweis-zu-cookies\/","og_site_name":"Sleep.ai","article_modified_time":"2025-09-26T10:00:07+00:00","twitter_card":"summary_large_image","schema":{"@context":"https:\/\/schema.org","@graph":[{"@type":"WebPage","@id":"https:\/\/www.sleep.ai\/de\/hinweis-zu-cookies\/","url":"https:\/\/www.sleep.ai\/de\/hinweis-zu-cookies\/","name":"Hinweis zu Cookies | Sleep.ai","isPartOf":{"@id":"https:\/\/www.sleep.ai\/de\/#website"},"datePublished":"2025-05-07T10:16:10+00:00","dateModified":"2025-09-26T10:00:07+00:00","description":"Erfahren Sie, wie Sleep.ai Cookies nutzt, um Ihre Nutzererfahrung zu verbessern und digitale Schlafservices zu optimieren.","breadcrumb":{"@id":"https:\/\/www.sleep.ai\/de\/hinweis-zu-cookies\/#breadcrumb"},"inLanguage":"de-DE","potentialAction":[{"@type":"ReadAction","target":["https:\/\/www.sleep.ai\/de\/hinweis-zu-cookies\/"]}]},{"@type":"BreadcrumbList","@id":"https:\/\/www.sleep.ai\/de\/hinweis-zu-cookies\/#breadcrumb","itemListElement":[{"@type":"ListItem","position":1,"name":"Home","item":"https:\/\/www.sleep.ai\/de\/"},{"@type":"ListItem","position":2,"name":"Hinweis zu Cookies"}]},{"@type":"WebSite","@id":"https:\/\/www.sleep.ai\/de\/#website","url":"https:\/\/www.sleep.ai\/de\/","name":"Sleep ai","description":"AI-Powered Sleep Intelligence","potentialAction":[{"@type":"SearchAction","target":{"@type":"EntryPoint","urlTemplate":"https:\/\/www.sleep.ai\/de\/?s={search_term_string}"},"query-input":{"@type":"PropertyValueSpecification","valueRequired":true,"valueName":"search_term_string"}}],"inLanguage":"de-DE"}]}},"_links":{"self":[{"href":"https:\/\/www.sleep.ai\/de\/wp-json\/wp\/v2\/pages\/13421","targetHints":{"allow":["GET"]}}],"collection":[{"href":"https:\/\/www.sleep.ai\/de\/wp-json\/wp\/v2\/pages"}],"about":[{"href":"https:\/\/www.sleep.ai\/de\/wp-json\/wp\/v2\/types\/page"}],"author":[{"embeddable":true,"href":"https:\/\/www.sleep.ai\/de\/wp-json\/wp\/v2\/users\/1"}],"replies":[{"embeddable":true,"href":"https:\/\/www.sleep.ai\/de\/wp-json\/wp\/v2\/comments?post=13421"}],"version-history":[{"count":4,"href":"https:\/\/www.sleep.ai\/de\/wp-json\/wp\/v2\/pages\/13421\/revisions"}],"predecessor-version":[{"id":14364,"href":"https:\/\/www.sleep.ai\/de\/wp-json\/wp\/v2\/pages\/13421\/revisions\/14364"}],"wp:attachment":[{"href":"https:\/\/www.sleep.ai\/de\/wp-json\/wp\/v2\/media?parent=13421"}],"curies":[{"name":"wp","href":"https:\/\/api.w.org\/{rel}","templated":true}]}}